{"id":41,"date":"2021-03-28T23:35:17","date_gmt":"2021-03-28T23:35:17","guid":{"rendered":"https:\/\/aryesca.com\/wordpress\/?page_id=41"},"modified":"2021-04-13T22:50:25","modified_gmt":"2021-04-13T22:50:25","slug":"quienes-somos","status":"publish","type":"page","link":"https:\/\/aryesca.com\/index.php\/quienes-somos\/","title":{"rendered":"\u00bfQui\u00e9nes Somos?"},"content":{"rendered":"\t\t<div data-elementor-type=\"wp-page\" data-elementor-id=\"41\" class=\"elementor elementor-41\">\n\t\t\t\t\t\t\t\t\t<section class=\"elementor-section elementor-top-section elementor-element elementor-element-01fe76e elementor-section-content-middle elementor-section-boxed elementor-section-height-default elementor-section-height-default\" data-id=\"01fe76e\" data-element_type=\"section\">\n\t\t\t\t\t\t<div class=\"elementor-container elementor-column-gap-wide\">\n\t\t\t\t\t<div class=\"elementor-column elementor-col-33 elementor-top-column elementor-element elementor-element-14bf972\" data-id=\"14bf972\" data-element_type=\"column\">\n\t\t\t<div class=\"elementor-widget-wrap elementor-element-populated\">\n\t\t\t\t\t\t\t\t<div class=\"elementor-element elementor-element-8af5c54 elementor-widget elementor-widget-heading\" data-id=\"8af5c54\" data-element_type=\"widget\" data-widget_type=\"heading.default\">\n\t\t\t\t<div class=\"elementor-widget-container\">\n\t\t\t<h2 class=\"elementor-heading-title elementor-size-default\">Sobre Nosotros<\/h2>\t\t<\/div>\n\t\t\t\t<\/div>\n\t\t\t\t<div class=\"elementor-element elementor-element-ae0d6cd elementor-widget elementor-widget-text-editor\" data-id=\"ae0d6cd\" data-element_type=\"widget\" data-widget_type=\"text-editor.default\">\n\t\t\t\t<div class=\"elementor-widget-container\">\n\t\t\t\t\t\t\t<p>Somos una empresa dedicada a la formulaci\u00f3n de sabores, esencias y aromas, a partir de qu\u00edmicos arom\u00e1ticos, aceites esenciales, concentrados y extractos, para la industria alimenticia, farmac\u00e9utica y qu\u00edmica en Venezuela. La cantidad y variedad de esencias que tenemos, nos permite poner a su disposici\u00f3n nuestra capacidad de crear o reproducir con precisi\u00f3n, el sabor, aroma, esencia o fragancia que requiere para su producto.<\/p>\t\t\t\t\t\t<\/div>\n\t\t\t\t<\/div>\n\t\t\t\t<div class=\"elementor-element elementor-element-fd4b3dc elementor-widget elementor-widget-heading\" data-id=\"fd4b3dc\" data-element_type=\"widget\" data-widget_type=\"heading.default\">\n\t\t\t\t<div class=\"elementor-widget-container\">\n\t\t\t<h2 class=\"elementor-heading-title elementor-size-default\">Rese\u00f1a Hist\u00f3rica<\/h2>\t\t<\/div>\n\t\t\t\t<\/div>\n\t\t\t\t<div class=\"elementor-element elementor-element-b6e87bf elementor-widget elementor-widget-text-editor\" data-id=\"b6e87bf\" data-element_type=\"widget\" data-widget_type=\"text-editor.default\">\n\t\t\t\t<div class=\"elementor-widget-container\">\n\t\t\t\t\t\t\t<p>Aryes Aromas y Esencias, C.A. fue fundada en 1979. <span style=\"font-weight: 400;\">El 1\u00ba de Agosto de 1980, nos instalamos en una de la Plantas, que tenemos ahora. Ya ha cumplido 40 a\u00f1os, y sigue funcionando totalmente remodelada.\u00a0 El a\u00f1o 2008 adquirimos, dos galpones,\u00a0 para incrementar nuestra producci\u00f3n, con nuevas instalaciones y maquinarias. Tenemos capacidad, para fabricar productos intermedios,\u00a0 que ofrecemos a nuestros clientes: Bases Alimenticias, Mezclas L\u00edquidas y en Polvo. Contamos con molinos\u00a0 pulverizadores, con una capacidad de Una TM por hora. Pulverizamos productos cristalinos y amorfos. Pulverizamos Az\u00facar y Sal. Hacemos servicios de maquila, para diferentes productos sobre todo, Productos en Polvo, con instalaciones supervisadas por Auditores de Calidad, con m\u00e1quinas de llenado autom\u00e1ticas. Todo bajo los m\u00e1s estrictos controles. Actualmente estamos trabajando para conseguir las Certificaciones\u00a0 \u00a0 \u00a0 \u00a0 \u00a0<\/span><span style=\"font-style: inherit; color: var( --e-global-color-text ); font-family: var( --e-global-typography-text-font-family ), Sans-serif;\">ISO\u00a0 9001: 2015 e ISO 2200.<\/span><\/p>\t\t\t\t\t\t<\/div>\n\t\t\t\t<\/div>\n\t\t\t\t\t<\/div>\n\t\t<\/div>\n\t\t\t\t<div class=\"elementor-column elementor-col-66 elementor-top-column elementor-element elementor-element-d9317b9\" data-id=\"d9317b9\" data-element_type=\"column\">\n\t\t\t<div class=\"elementor-widget-wrap elementor-element-populated\">\n\t\t\t\t\t\t\t\t<div class=\"elementor-element elementor-element-8a99cfb elementor-widget elementor-widget-image\" data-id=\"8a99cfb\" data-element_type=\"widget\" data-widget_type=\"image.default\">\n\t\t\t\t<div class=\"elementor-widget-container\">\n\t\t\t\t\t\t\t\t\t\t\t\t\t\t\t<img decoding=\"async\" src=\"https:\/\/aryesca.com\/wordpress\/wp-content\/uploads\/elementor\/thumbs\/quienes-somos-scaled-p5d7lxa873fb3n95ujvjcztgsz5d7f01myzsr3m0ss.jpg\" title=\"quienes somos\" alt=\"quienes somos\" loading=\"lazy\" \/>\t\t\t\t\t\t\t\t\t\t\t\t\t\t\t<\/div>\n\t\t\t\t<\/div>\n\t\t\t\t<div class=\"elementor-element elementor-element-0ffbb48 elementor-widget elementor-widget-spacer\" data-id=\"0ffbb48\" data-element_type=\"widget\" data-widget_type=\"spacer.default\">\n\t\t\t\t<div class=\"elementor-widget-container\">\n\t\t\t\t\t<div class=\"elementor-spacer\">\n\t\t\t<div class=\"elementor-spacer-inner\"><\/div>\n\t\t<\/div>\n\t\t\t\t<\/div>\n\t\t\t\t<\/div>\n\t\t\t\t\t<\/div>\n\t\t<\/div>\n\t\t\t\t\t\t\t<\/div>\n\t\t<\/section>\n\t\t\t\t<section class=\"elementor-section elementor-top-section elementor-element elementor-element-9a43511 elementor-section-height-min-height elementor-section-boxed elementor-section-height-default elementor-section-items-middle\" data-id=\"9a43511\" data-element_type=\"section\" data-settings=\"{&quot;background_background&quot;:&quot;slideshow&quot;,&quot;background_slideshow_gallery&quot;:[{&quot;id&quot;:92,&quot;url&quot;:&quot;https:\\\/\\\/aryesca.com\\\/wordpress\\\/wp-content\\\/uploads\\\/2021\\\/04\\\/valores-scaled.jpg&quot;}],&quot;background_slideshow_loop&quot;:&quot;yes&quot;,&quot;background_slideshow_slide_duration&quot;:5000,&quot;background_slideshow_slide_transition&quot;:&quot;fade&quot;,&quot;background_slideshow_transition_duration&quot;:500}\">\n\t\t\t\t\t\t<div class=\"elementor-container elementor-column-gap-default\">\n\t\t\t\t\t<div class=\"elementor-column elementor-col-100 elementor-top-column elementor-element elementor-element-b043c18\" data-id=\"b043c18\" data-element_type=\"column\">\n\t\t\t<div class=\"elementor-widget-wrap elementor-element-populated\">\n\t\t\t\t\t\t\t\t<div class=\"elementor-element elementor-element-1a16ece elementor-widget elementor-widget-heading\" data-id=\"1a16ece\" data-element_type=\"widget\" data-widget_type=\"heading.default\">\n\t\t\t\t<div class=\"elementor-widget-container\">\n\t\t\t<h2 class=\"elementor-heading-title elementor-size-default\">Visi\u00f3n<\/h2>\t\t<\/div>\n\t\t\t\t<\/div>\n\t\t\t\t<div class=\"elementor-element elementor-element-50ed398 elementor-widget elementor-widget-text-editor\" data-id=\"50ed398\" data-element_type=\"widget\" data-widget_type=\"text-editor.default\">\n\t\t\t\t<div class=\"elementor-widget-container\">\n\t\t\t\t\t\t\t<p><strong>1- \u00c9tica<\/strong>, utilizar los medios adecuados para conseguir nuestro objetivo.<\/p><p><strong>2- Orientaci\u00f3n al Cliente<\/strong>, satisfacer sus necesidades y adaptarnos a las mismas.<\/p><p><strong>3-\u00a0Honestidad<\/strong>, realizar propuestas como la mejor alternativa para el desarrollo de los productos.<\/p><p><strong>4- Innovaci\u00f3n<\/strong>, conseguir soluciones de vanguardia.<\/p><p><strong>5-\u00a0Compromiso<\/strong>, dar nuestro mayor y mejor esfuerzo para el logro de la excelencia.<\/p>\t\t\t\t\t\t<\/div>\n\t\t\t\t<\/div>\n\t\t\t\t\t<\/div>\n\t\t<\/div>\n\t\t\t\t\t\t\t<\/div>\n\t\t<\/section>\n\t\t\t\t\t\t\t<\/div>\n\t\t","protected":false},"excerpt":{"rendered":"<p>Sobre Nosotros Somos una empresa dedicada a la formulaci\u00f3n de sabores, esencias y aromas, a partir de qu\u00edmicos arom\u00e1ticos, aceites esenciales, concentrados y extractos, para la industria alimenticia, farmac\u00e9utica y qu\u00edmica en Venezuela. La cantidad y variedad de esencias que tenemos, nos permite poner a su disposici\u00f3n nuestra capacidad de crear o reproducir con precisi\u00f3n, &hellip;<\/p>\n<p class=\"read-more\"> <a class=\"\" href=\"https:\/\/aryesca.com\/index.php\/quienes-somos\/\"> <span class=\"screen-reader-text\">\u00bfQui\u00e9nes Somos?<\/span> Leer m\u00e1s &raquo;<\/a><\/p>\n","protected":false},"author":1,"featured_media":0,"parent":0,"menu_order":0,"comment_status":"closed","ping_status":"closed","template":"","meta":{"site-sidebar-layout":"no-sidebar","site-content-layout":"page-builder","ast-global-header-display":"","ast-main-header-display":"","ast-hfb-above-header-display":"","ast-hfb-below-header-display":"","ast-hfb-mobile-header-display":"","site-post-title":"disabled","ast-breadcrumbs-content":"","ast-featured-img":"disabled","footer-sml-layout":"","theme-transparent-header-meta":"","adv-header-id-meta":"","stick-header-meta":"","header-above-stick-meta":"","header-main-stick-meta":"","header-below-stick-meta":"","footnotes":""},"_links":{"self":[{"href":"https:\/\/aryesca.com\/index.php\/wp-json\/wp\/v2\/pages\/41"}],"collection":[{"href":"https:\/\/aryesca.com\/index.php\/wp-json\/wp\/v2\/pages"}],"about":[{"href":"https:\/\/aryesca.com\/index.php\/wp-json\/wp\/v2\/types\/page"}],"author":[{"embeddable":true,"href":"https:\/\/aryesca.com\/index.php\/wp-json\/wp\/v2\/users\/1"}],"replies":[{"embeddable":true,"href":"https:\/\/aryesca.com\/index.php\/wp-json\/wp\/v2\/comments?post=41"}],"version-history":[{"count":34,"href":"https:\/\/aryesca.com\/index.php\/wp-json\/wp\/v2\/pages\/41\/revisions"}],"predecessor-version":[{"id":239,"href":"https:\/\/aryesca.com\/index.php\/wp-json\/wp\/v2\/pages\/41\/revisions\/239"}],"wp:attachment":[{"href":"https:\/\/aryesca.com\/index.php\/wp-json\/wp\/v2\/media?parent=41"}],"curies":[{"name":"wp","href":"https:\/\/api.w.org\/{rel}","templated":true}]}}